{"id":42983,"date":"2026-04-25T22:48:15","date_gmt":"2026-04-25T22:48:15","guid":{"rendered":"https:\/\/scanshop.ee\/?page_id=42983"},"modified":"2026-04-25T23:14:27","modified_gmt":"2026-04-25T23:14:27","slug":"termopaberirullid-57mm-80mm","status":"publish","type":"page","link":"https:\/\/scanshop.ee\/en\/termopaberirullid-57mm-80mm\/","title":{"rendered":"Termopaberirullid"},"content":{"rendered":"<p>Meie \u201c<strong>Termopaberirullid<\/strong>\u201d lehelt leiad hoolikalt valitud ja enim m\u00fc\u00fcdud kvaliteetsed termopaberirullid, mis sobivad ideaalselt igap\u00e4evaseks kasutamiseks erinevates POS s\u00fcsteemid lahendustes, kassaaparaatides ja t\u0161ekiprinterites. K\u00f5rge tr\u00fckikvaliteediga termopaber tagab selged ja loetavad kviitungid, mis ei tuhmu aja jooksul. Pakume erinevaid m\u00f5\u00f5te ja pikkuseid, et vastata jaekaubanduse, toitlustuse, logistika ja teenindussektori vajadustele. Vastupidav ja usaldusv\u00e4\u00e4rne termopaber aitab parandada t\u00f6\u00f6efektiivsust ning tagab sujuva kliendikogemuse. Tutvu meie populaarseimate termopaberirullide valikuga ja leia oma ettev\u00f5ttele parim lahendus.<\/p>\n\n\n\n<h2 id=\"wd-9c10595a\" class=\"wp-block-wd-title title\">57 mm <a href=\"https:\/\/www.byroomaailm.ee\/paberikaubad\/termorullid-ja-kassapaber\/kassapaberirullid\" target=\"_blank\" rel=\"noreferrer noopener nofollow\">Kassapaberirullid<\/a> &#8211; Termopaber \u2013 Kompaktne ja Soodne Lahendus<\/h2>\n\n\n\t\t\t<div id=\"wd-ebb5fa5c\" class=\"wd-products-element\">\n\t\t\t\n\t\t\n\t\t\t\t\t<div class=\"products wd-products  elements-list wd-grid-g products-bordered-grid wd-products-with-bg\" data-paged=\"1\" data-atts=\"{&quot;speed&quot;:5000,&quot;wrap&quot;:&quot;no&quot;,&quot;hide_pagination_control_tablet&quot;:&quot;no&quot;,&quot;hide_pagination_control_mobile&quot;:&quot;no&quot;,&quot;hide_prev_next_buttons&quot;:&quot;no&quot;,&quot;hide_prev_next_buttons_tablet&quot;:&quot;no&quot;,&quot;hide_prev_next_buttons_mobile&quot;:&quot;no&quot;,&quot;post_type&quot;:&quot;ids&quot;,&quot;spacing&quot;:&quot;20&quot;,&quot;layout&quot;:&quot;list&quot;,&quot;include&quot;:&quot;35653&quot;,&quot;items_per_page&quot;:&quot;12&quot;,&quot;products_bordered_grid&quot;:true,&quot;products_with_background&quot;:true,&quot;products_different_sizes&quot;:&quot;disable&quot;,&quot;el_id&quot;:&quot;wd-ebb5fa5c&quot;,&quot;force_not_ajax&quot;:&quot;no&quot;}\" data-source=\"shortcode\" data-columns=\"4\" data-grid-gallery=\"\" style=\"--wd-col-lg:1;--wd-col-md:1;--wd-col-sm:1;\">\n\t\t\t<div class=\"wd-product wd-with-labels product-list-item wd-col product-grid-item product type-product post-35653 status-publish instock product_cat-kassaprinteritele product_cat-tarbekaubad product_cat-termopaber-rullid has-post-thumbnail featured taxable shipping-taxable purchasable product-type-simple\" data-loop=\"1\" data-id=\"35653\">\n\t\t\t\t\n\t\n\t<div class=\"product-wrapper\">\n\t\t<div class=\"product-element-top wd-quick-shop\">\n\t\t\t<a href=\"https:\/\/scanshop.ee\/en\/tarbekaubad\/receipt-rolls-heipa-thermal-paper-57-mm-36-mm-12-7-mm-white-2\/\" class=\"product-image-link\" aria-label=\"Receipt Rolls, Heipa, Thermal Paper, 57 mm, 36 mm, 12.7 mm, White\">\n\t\t\t\t<div class=\"product-labels labels-rounded-sm\"><span class=\"featured product-label\">Hot<\/span><\/div><img loading=\"lazy\" decoding=\"async\" width=\"300\" height=\"300\" src=\"https:\/\/scanshop.ee\/wp-content\/uploads\/2026\/03\/thermorolle.avif\" class=\"attachment-woocommerce_thumbnail size-woocommerce_thumbnail has-transparency\" alt=\"Receipt Rolls\" srcset=\"https:\/\/scanshop.ee\/wp-content\/uploads\/2026\/03\/thermorolle.avif 300w, https:\/\/scanshop.ee\/wp-content\/uploads\/2026\/03\/thermorolle-150x150.avif 150w, https:\/\/scanshop.ee\/wp-content\/uploads\/2026\/03\/thermorolle-12x12.avif 12w\" sizes=\"auto, (max-width: 300px) 100vw, 300px\" data-has-transparency=\"true\" data-dominant-color=\"dcdee0\" style=\"--dominant-color: #dcdee0;\" \/>\t\t\t<\/a>\n\n\t\t\t\n\t\t\t<div class=\"wd-buttons wd-pos-r-t\">\n\t\t\t\t\t\t\t\t\t\t\t\t\t\t\t\t\t\t\t<\/div>\n\t\t<\/div>\n\n\t\t<div class=\"product-list-content wd-scroll\">\n\t\t\t<h3 class=\"wd-entities-title\"><a href=\"https:\/\/scanshop.ee\/en\/tarbekaubad\/receipt-rolls-heipa-thermal-paper-57-mm-36-mm-12-7-mm-white-2\/\">Receipt Rolls, Heipa, Thermal Paper, 57 mm, 36 mm, 12.7 mm, White<\/a><\/h3>\t\t\t\t\t\t\t\t\t\t\t\t<p class=\"wd-product-stock stock wd-style-default in-stock\">In stock<\/p>\n\t\t\t\t\t\n\t<span class=\"price\"><span class=\"wts-price-container\"><span class=\"wts-price-wrapper\"><span class=\"wts-price-excl wts-active\"><span class=\"woocommerce-Price-amount amount\"><bdi><span class=\"woocommerce-Price-currencySymbol\">&euro;<\/span>0.46<\/bdi><\/span><\/span><span class=\"wts-price-incl wts-inactive\"><span class=\"woocommerce-Price-amount amount\"><bdi><span class=\"woocommerce-Price-currencySymbol\">&euro;<\/span>0.46<\/bdi><\/span><\/span><\/span> <span class=\"wts-price-wrapper\"><span class=\"wts-price-excl wts-active\"><span class=\"wts-vat-text\">Excl. VAT<\/span><\/span><span class=\"wts-price-incl wts-inactive\"><span class=\"wts-vat-text\">Incl. VAT<\/span><\/span><\/span><\/span><\/span>\n\t\t\t\t\t\t\t\t\t\n\t\t\t\n\t\t\t\n\t\t\t<div class=\"wd-add-btn wd-add-btn-replace\">\n\t\t\t\t\n\t\t\t\t<a href=\"\/en\/wp-json\/wp\/v2\/pages\/42983?add-to-cart=35653\" aria-describedby=\"woocommerce_loop_add_to_cart_link_describedby_35653\" data-quantity=\"1\" class=\"button product_type_simple add_to_cart_button ajax_add_to_cart add-to-cart-loop\" data-product_id=\"35653\" data-product_sku=\"55057-10372\" aria-label=\"Add to basket: \u201cReceipt Rolls, Heipa, Thermal Paper, 57 mm, 36 mm, 12.7 mm, White\u201d\" rel=\"nofollow\" data-success_message=\"\u201cReceipt Rolls, Heipa, Thermal Paper, 57 mm, 36 mm, 12.7 mm, White\u201d has been added to your cart\" role=\"button\" data-no-translation-aria-label=\"\" data-no-translation-data-success_message=\"\"><span data-no-translation=\"\" data-trp-gettext=\"\">Add to basket<\/span><\/a>\t<span id=\"woocommerce_loop_add_to_cart_link_describedby_35653\" class=\"screen-reader-text\">\n\t\t\t<\/span>\n\t\t\t<\/div>\n\n\t\t\t\t\t<\/div>\n\t<\/div>\n<\/div>\n\t\t\t<\/div>\n\t\t\t<\/div>\n\n\n<h2 id=\"wd-b707f485\" class=\"wp-block-wd-title title\"><br><font dir=\"auto\" style=\"vertical-align: inherit;\"><font dir=\"auto\" style=\"vertical-align: inherit;\">80 mm <a href=\"https:\/\/www.byroomaailm.ee\/paberikaubad\/termorullid-ja-kassapaber\/kassapaberirullid\" target=\"_blank\" rel=\"noreferrer noopener nofollow\">Kassapaberirullid<\/a><\/font><\/font> &#8211; <font dir=\"auto\" style=\"vertical-align: inherit;\"><font dir=\"auto\" style=\"vertical-align: inherit;\">Termopaber \u2013 POS-s\u00fcsteemide standard<\/font><\/font><\/h2>\n\n\n\t\t\t<div id=\"wd-1506f0ab\" class=\"wd-products-element\">\n\t\t\t\n\t\t\n\t\t\t\t\t<div class=\"products wd-products  elements-list wd-grid-g products-bordered-grid wd-products-with-bg\" data-paged=\"1\" data-atts=\"{&quot;speed&quot;:5000,&quot;wrap&quot;:&quot;no&quot;,&quot;hide_pagination_control_tablet&quot;:&quot;no&quot;,&quot;hide_pagination_control_mobile&quot;:&quot;no&quot;,&quot;hide_prev_next_buttons&quot;:&quot;no&quot;,&quot;hide_prev_next_buttons_tablet&quot;:&quot;no&quot;,&quot;hide_prev_next_buttons_mobile&quot;:&quot;no&quot;,&quot;post_type&quot;:&quot;ids&quot;,&quot;spacing&quot;:&quot;20&quot;,&quot;layout&quot;:&quot;list&quot;,&quot;include&quot;:&quot;35677&quot;,&quot;items_per_page&quot;:&quot;12&quot;,&quot;products_bordered_grid&quot;:true,&quot;products_with_background&quot;:true,&quot;products_different_sizes&quot;:&quot;disable&quot;,&quot;el_id&quot;:&quot;wd-1506f0ab&quot;,&quot;force_not_ajax&quot;:&quot;no&quot;}\" data-source=\"shortcode\" data-columns=\"4\" data-grid-gallery=\"\" style=\"--wd-col-lg:1;--wd-col-md:1;--wd-col-sm:1;\">\n\t\t\t<div class=\"wd-product wd-with-labels product-list-item wd-col product-grid-item product type-product post-35677 status-publish instock product_cat-kassaprinteritele product_cat-tarbekaubad product_cat-termopaber-rullid has-post-thumbnail featured taxable shipping-taxable purchasable product-type-simple\" data-loop=\"1\" data-id=\"35677\">\n\t\t\t\t\n\t\n\t<div class=\"product-wrapper\">\n\t\t<div class=\"product-element-top wd-quick-shop\">\n\t\t\t<a href=\"https:\/\/scanshop.ee\/en\/tarbekaubad\/receipt-rolls-heipa-thermal-paper-80-mm-80-mm-12-7-mm-white-5\/\" class=\"product-image-link\" aria-label=\"Receipt Rolls, Heipa, Thermal Paper, 80 mm, 80 mm, 12.7 mm, White\">\n\t\t\t\t<div class=\"product-labels labels-rounded-sm\"><span class=\"featured product-label\">Hot<\/span><\/div><img loading=\"lazy\" decoding=\"async\" width=\"300\" height=\"300\" src=\"https:\/\/scanshop.ee\/wp-content\/uploads\/2026\/03\/thermorolle.avif\" class=\"attachment-woocommerce_thumbnail size-woocommerce_thumbnail has-transparency\" alt=\"Receipt Rolls\" srcset=\"https:\/\/scanshop.ee\/wp-content\/uploads\/2026\/03\/thermorolle.avif 300w, https:\/\/scanshop.ee\/wp-content\/uploads\/2026\/03\/thermorolle-150x150.avif 150w, https:\/\/scanshop.ee\/wp-content\/uploads\/2026\/03\/thermorolle-12x12.avif 12w\" sizes=\"auto, (max-width: 300px) 100vw, 300px\" data-has-transparency=\"true\" data-dominant-color=\"dcdee0\" style=\"--dominant-color: #dcdee0;\" \/>\t\t\t<\/a>\n\n\t\t\t\n\t\t\t<div class=\"wd-buttons wd-pos-r-t\">\n\t\t\t\t\t\t\t\t\t\t\t\t\t\t\t\t\t\t\t<\/div>\n\t\t<\/div>\n\n\t\t<div class=\"product-list-content wd-scroll\">\n\t\t\t<h3 class=\"wd-entities-title\"><a href=\"https:\/\/scanshop.ee\/en\/tarbekaubad\/receipt-rolls-heipa-thermal-paper-80-mm-80-mm-12-7-mm-white-5\/\">Receipt Rolls, Heipa, Thermal Paper, 80 mm, 80 mm, 12.7 mm, White<\/a><\/h3>\t\t\t\t\t\t\t\t\t\t\t\t<p class=\"wd-product-stock stock wd-style-default in-stock\">In stock<\/p>\n\t\t\t\t\t\n\t<span class=\"price\"><span class=\"wts-price-container\"><span class=\"wts-price-wrapper\"><span class=\"wts-price-excl wts-active\"><span class=\"woocommerce-Price-amount amount\"><bdi><span class=\"woocommerce-Price-currencySymbol\">&euro;<\/span>2.91<\/bdi><\/span><\/span><span class=\"wts-price-incl wts-inactive\"><span class=\"woocommerce-Price-amount amount\"><bdi><span class=\"woocommerce-Price-currencySymbol\">&euro;<\/span>2.91<\/bdi><\/span><\/span><\/span> <span class=\"wts-price-wrapper\"><span class=\"wts-price-excl wts-active\"><span class=\"wts-vat-text\">Excl. VAT<\/span><\/span><span class=\"wts-price-incl wts-inactive\"><span class=\"wts-vat-text\">Incl. VAT<\/span><\/span><\/span><\/span><\/span>\n\t\t\t\t\t\t\t\t\t\n\t\t\t\n\t\t\t\n\t\t\t<div class=\"wd-add-btn wd-add-btn-replace\">\n\t\t\t\t\n\t\t\t\t<a href=\"\/en\/wp-json\/wp\/v2\/pages\/42983?add-to-cart=35677\" aria-describedby=\"woocommerce_loop_add_to_cart_link_describedby_35677\" data-quantity=\"1\" class=\"button product_type_simple add_to_cart_button ajax_add_to_cart add-to-cart-loop\" data-product_id=\"35677\" data-product_sku=\"55080-70809\" aria-label=\"Add to basket: \u201cReceipt Rolls, Heipa, Thermal Paper, 80 mm, 80 mm, 12.7 mm, White\u201d\" rel=\"nofollow\" data-success_message=\"\u201cReceipt Rolls, Heipa, Thermal Paper, 80 mm, 80 mm, 12.7 mm, White\u201d has been added to your cart\" role=\"button\" data-no-translation-aria-label=\"\" data-no-translation-data-success_message=\"\"><span data-no-translation=\"\" data-trp-gettext=\"\">Add to basket<\/span><\/a>\t<span id=\"woocommerce_loop_add_to_cart_link_describedby_35677\" class=\"screen-reader-text\">\n\t\t\t<\/span>\n\t\t\t<\/div>\n\n\t\t\t\t\t<\/div>\n\t<\/div>\n<\/div>\n\t\t\t<\/div>\n\t\t\t<\/div>\n\n\n<a id=\"wd-f59e2668\" class=\"wp-block-wd-button btn btn-style-3d btn-color-primary btn-size-extra-large btn-shape-semi-round\" href=\"https:\/\/scanshop.ee\/en\/p\/consumables\/for-receipt-printers\/thermal-paper-rolls\/\"><span>Vaata k\u00f5iki termopaberirulle<\/span><\/a>\n\n\n\n<p><\/p>","protected":false},"excerpt":{"rendered":"<p>Meie \u201cTermopaberirullid\u201d lehelt leiad hoolikalt valitud ja enim m\u00fc\u00fcdud kvaliteetsed termopaberirullid, mis sobivad ideaalselt igap\u00e4evaseks kasutamiseks erinevates POS s\u00fcsteemid lahendustes,<\/p>","protected":false},"author":1,"featured_media":0,"parent":0,"menu_order":0,"comment_status":"closed","ping_status":"closed","template":"","meta":{"content-type":"","footnotes":""},"class_list":["post-42983","page","type-page","status-publish","hentry"],"_links":{"self":[{"href":"https:\/\/scanshop.ee\/en\/wp-json\/wp\/v2\/pages\/42983","targetHints":{"allow":["GET"]}}],"collection":[{"href":"https:\/\/scanshop.ee\/en\/wp-json\/wp\/v2\/pages"}],"about":[{"href":"https:\/\/scanshop.ee\/en\/wp-json\/wp\/v2\/types\/page"}],"author":[{"embeddable":true,"href":"https:\/\/scanshop.ee\/en\/wp-json\/wp\/v2\/users\/1"}],"replies":[{"embeddable":true,"href":"https:\/\/scanshop.ee\/en\/wp-json\/wp\/v2\/comments?post=42983"}],"version-history":[{"count":9,"href":"https:\/\/scanshop.ee\/en\/wp-json\/wp\/v2\/pages\/42983\/revisions"}],"predecessor-version":[{"id":42999,"href":"https:\/\/scanshop.ee\/en\/wp-json\/wp\/v2\/pages\/42983\/revisions\/42999"}],"wp:attachment":[{"href":"https:\/\/scanshop.ee\/en\/wp-json\/wp\/v2\/media?parent=42983"}],"curies":[{"name":"wp","href":"https:\/\/api.w.org\/{rel}","templated":true}]}}